{"id":17,"date":"2024-01-11T17:06:25","date_gmt":"2024-01-11T17:06:25","guid":{"rendered":"https:\/\/ai.goek.consulting\/zahlungsweisen\/"},"modified":"2024-02-12T14:28:33","modified_gmt":"2024-02-12T14:28:33","slug":"zahlungsweisen","status":"publish","type":"page","link":"https:\/\/ai.goek.consulting\/en\/zahlungsweisen\/","title":{"rendered":"Payment methods"},"content":{"rendered":"<p>We offer you the following payment options. Simply choose the payment method that suits you best. The prices listed in the respective offers are final prices. They include all components, including any applicable taxes such as value-added tax.<\/p>\n\n\n\n<h5 class=\"wp-block-heading\"><em>Credit card<\/em><\/h5>\n\n\n\n<p>Simply pay by credit card.<\/p>\n\n\n\n<h5 class=\"wp-block-heading\"><em>Giropay<\/em><\/h5>\n\n\n\n<p>Use your giro card for faster and more secure payments.<\/p>\n\n\n\n<h5 class=\"wp-block-heading\"><em>PayPal<\/em><\/h5>\n\n\n\n<p>Pay faster and securely with your PayPal account.<\/p>\n\n\n\n<h5 class=\"wp-block-heading\"><em>Purchase on invoice<\/em><\/h5>\n\n\n\n<p>Simply place your order and pay by bank transfer afterwards.<\/p>","protected":false},"excerpt":{"rendered":"<p>Wir bieten Ihnen folgende Zahlungsarten an. Suchen Sie sich einfach die f\u00fcr Sie optimale Zahlart aus. Die in den jeweiligen Angeboten angef\u00fchrten Preise stellen Endpreise dar. Sie beinhalten alle Preisbestandteile, einschlie\u00dflich etwaig anfallender Steuern wie Mehrwertsteuer. Kreditkarte Zahlen Sie ganz einfach per Kreditkarte. Giropay Nutzen Sie Ihre Girokarte, um schneller und sicherer zu zahlen. PayPal [&hellip;]<\/p>\n","protected":false},"author":2,"featured_media":0,"parent":0,"menu_order":0,"comment_status":"closed","ping_status":"closed","template":"","meta":{"footnotes":""},"class_list":["post-17","page","type-page","status-publish","hentry"],"blocksy_meta":[],"yoast_head":"<!-- This site is optimized with the Yoast SEO plugin v27.4 - https:\/\/yoast.com\/product\/yoast-seo-wordpress\/ -->\n<title>Zahlungsweisen - G&Ouml;K-Consulting AI-Act-Schulung<\/title>\n<meta name=\"robots\" content=\"index, follow, max-snippet:-1, max-image-preview:large, max-video-preview:-1\" \/>\n<link rel=\"canonical\" href=\"https:\/\/ai.goek.consulting\/en\/zahlungsweisen\/\" \/>\n<meta property=\"og:locale\" content=\"en_GB\" \/>\n<meta property=\"og:type\" content=\"article\" \/>\n<meta property=\"og:title\" content=\"Zahlungsweisen - G&Ouml;K-Consulting AI-Act-Schulung\" \/>\n<meta property=\"og:description\" content=\"Wir bieten Ihnen folgende Zahlungsarten an. Suchen Sie sich einfach die f\u00fcr Sie optimale Zahlart aus. Die in den jeweiligen Angeboten angef\u00fchrten Preise stellen Endpreise dar. Sie beinhalten alle Preisbestandteile, einschlie\u00dflich etwaig anfallender Steuern wie Mehrwertsteuer. Kreditkarte Zahlen Sie ganz einfach per Kreditkarte. Giropay Nutzen Sie Ihre Girokarte, um schneller und sicherer zu zahlen. PayPal [&hellip;]\" \/>\n<meta property=\"og:url\" content=\"https:\/\/ai.goek.consulting\/en\/zahlungsweisen\/\" \/>\n<meta property=\"og:site_name\" content=\"G&Ouml;K-Consulting AI-Act-Schulung\" \/>\n<meta property=\"article:modified_time\" content=\"2024-02-12T14:28:33+00:00\" \/>\n<meta property=\"og:image\" content=\"https:\/\/ai.goek.consulting\/wp-content\/uploads\/2024\/03\/hintergrund-bild.jpg\" \/>\n\t<meta property=\"og:image:width\" content=\"700\" \/>\n\t<meta property=\"og:image:height\" content=\"1137\" \/>\n\t<meta property=\"og:image:type\" content=\"image\/jpeg\" \/>\n<meta name=\"twitter:card\" content=\"summary_large_image\" \/>\n<script type=\"application\/ld+json\" class=\"yoast-schema-graph\">{\"@context\":\"https:\\\/\\\/schema.org\",\"@graph\":[{\"@type\":\"WebPage\",\"@id\":\"https:\\\/\\\/ai.goek.consulting\\\/zahlungsweisen\\\/\",\"url\":\"https:\\\/\\\/ai.goek.consulting\\\/zahlungsweisen\\\/\",\"name\":\"Zahlungsweisen - G&Ouml;K-Consulting AI-Act-Schulung\",\"isPartOf\":{\"@id\":\"https:\\\/\\\/ai.goek.consulting\\\/#website\"},\"datePublished\":\"2024-01-11T17:06:25+00:00\",\"dateModified\":\"2024-02-12T14:28:33+00:00\",\"breadcrumb\":{\"@id\":\"https:\\\/\\\/ai.goek.consulting\\\/zahlungsweisen\\\/#breadcrumb\"},\"inLanguage\":\"en-GB\",\"potentialAction\":[{\"@type\":\"ReadAction\",\"target\":[\"https:\\\/\\\/ai.goek.consulting\\\/zahlungsweisen\\\/\"]}]},{\"@type\":\"BreadcrumbList\",\"@id\":\"https:\\\/\\\/ai.goek.consulting\\\/zahlungsweisen\\\/#breadcrumb\",\"itemListElement\":[{\"@type\":\"ListItem\",\"position\":1,\"name\":\"Startseite\",\"item\":\"https:\\\/\\\/ai.goek.consulting\\\/\"},{\"@type\":\"ListItem\",\"position\":2,\"name\":\"Zahlungsweisen\"}]},{\"@type\":\"WebSite\",\"@id\":\"https:\\\/\\\/ai.goek.consulting\\\/#website\",\"url\":\"https:\\\/\\\/ai.goek.consulting\\\/\",\"name\":\"XPOMET 2024 Tickets\",\"description\":\"\",\"publisher\":{\"@id\":\"https:\\\/\\\/ai.goek.consulting\\\/#organization\"},\"potentialAction\":[{\"@type\":\"SearchAction\",\"target\":{\"@type\":\"EntryPoint\",\"urlTemplate\":\"https:\\\/\\\/ai.goek.consulting\\\/?s={search_term_string}\"},\"query-input\":{\"@type\":\"PropertyValueSpecification\",\"valueRequired\":true,\"valueName\":\"search_term_string\"}}],\"inLanguage\":\"en-GB\"},{\"@type\":\"Organization\",\"@id\":\"https:\\\/\\\/ai.goek.consulting\\\/#organization\",\"name\":\"XPOMET 2024 Tickets\",\"url\":\"https:\\\/\\\/ai.goek.consulting\\\/\",\"logo\":{\"@type\":\"ImageObject\",\"inLanguage\":\"en-GB\",\"@id\":\"https:\\\/\\\/ai.goek.consulting\\\/#\\\/schema\\\/logo\\\/image\\\/\",\"url\":\"https:\\\/\\\/ai.goek.consulting\\\/wp-content\\\/uploads\\\/2024\\\/02\\\/logo_blue.png\",\"contentUrl\":\"https:\\\/\\\/ai.goek.consulting\\\/wp-content\\\/uploads\\\/2024\\\/02\\\/logo_blue.png\",\"width\":6300,\"height\":5392,\"caption\":\"XPOMET 2024 Tickets\"},\"image\":{\"@id\":\"https:\\\/\\\/ai.goek.consulting\\\/#\\\/schema\\\/logo\\\/image\\\/\"}}]}<\/script>\n<!-- \/ Yoast SEO plugin. -->","yoast_head_json":{"title":"Zahlungsweisen - G&Ouml;K-Consulting AI-Act-Schulung","robots":{"index":"index","follow":"follow","max-snippet":"max-snippet:-1","max-image-preview":"max-image-preview:large","max-video-preview":"max-video-preview:-1"},"canonical":"https:\/\/ai.goek.consulting\/en\/zahlungsweisen\/","og_locale":"en_GB","og_type":"article","og_title":"Zahlungsweisen - G&Ouml;K-Consulting AI-Act-Schulung","og_description":"Wir bieten Ihnen folgende Zahlungsarten an. Suchen Sie sich einfach die f\u00fcr Sie optimale Zahlart aus. Die in den jeweiligen Angeboten angef\u00fchrten Preise stellen Endpreise dar. Sie beinhalten alle Preisbestandteile, einschlie\u00dflich etwaig anfallender Steuern wie Mehrwertsteuer. Kreditkarte Zahlen Sie ganz einfach per Kreditkarte. Giropay Nutzen Sie Ihre Girokarte, um schneller und sicherer zu zahlen. PayPal [&hellip;]","og_url":"https:\/\/ai.goek.consulting\/en\/zahlungsweisen\/","og_site_name":"G&Ouml;K-Consulting AI-Act-Schulung","article_modified_time":"2024-02-12T14:28:33+00:00","og_image":[{"width":700,"height":1137,"url":"https:\/\/ai.goek.consulting\/wp-content\/uploads\/2024\/03\/hintergrund-bild.jpg","type":"image\/jpeg"}],"twitter_card":"summary_large_image","schema":{"@context":"https:\/\/schema.org","@graph":[{"@type":"WebPage","@id":"https:\/\/ai.goek.consulting\/zahlungsweisen\/","url":"https:\/\/ai.goek.consulting\/zahlungsweisen\/","name":"Zahlungsweisen - G&Ouml;K-Consulting AI-Act-Schulung","isPartOf":{"@id":"https:\/\/ai.goek.consulting\/#website"},"datePublished":"2024-01-11T17:06:25+00:00","dateModified":"2024-02-12T14:28:33+00:00","breadcrumb":{"@id":"https:\/\/ai.goek.consulting\/zahlungsweisen\/#breadcrumb"},"inLanguage":"en-GB","potentialAction":[{"@type":"ReadAction","target":["https:\/\/ai.goek.consulting\/zahlungsweisen\/"]}]},{"@type":"BreadcrumbList","@id":"https:\/\/ai.goek.consulting\/zahlungsweisen\/#breadcrumb","itemListElement":[{"@type":"ListItem","position":1,"name":"Startseite","item":"https:\/\/ai.goek.consulting\/"},{"@type":"ListItem","position":2,"name":"Zahlungsweisen"}]},{"@type":"WebSite","@id":"https:\/\/ai.goek.consulting\/#website","url":"https:\/\/ai.goek.consulting\/","name":"XPOMET 2024 Tickets","description":"","publisher":{"@id":"https:\/\/ai.goek.consulting\/#organization"},"potentialAction":[{"@type":"SearchAction","target":{"@type":"EntryPoint","urlTemplate":"https:\/\/ai.goek.consulting\/?s={search_term_string}"},"query-input":{"@type":"PropertyValueSpecification","valueRequired":true,"valueName":"search_term_string"}}],"inLanguage":"en-GB"},{"@type":"Organization","@id":"https:\/\/ai.goek.consulting\/#organization","name":"XPOMET 2024 Tickets","url":"https:\/\/ai.goek.consulting\/","logo":{"@type":"ImageObject","inLanguage":"en-GB","@id":"https:\/\/ai.goek.consulting\/#\/schema\/logo\/image\/","url":"https:\/\/ai.goek.consulting\/wp-content\/uploads\/2024\/02\/logo_blue.png","contentUrl":"https:\/\/ai.goek.consulting\/wp-content\/uploads\/2024\/02\/logo_blue.png","width":6300,"height":5392,"caption":"XPOMET 2024 Tickets"},"image":{"@id":"https:\/\/ai.goek.consulting\/#\/schema\/logo\/image\/"}}]}},"jetpack_sharing_enabled":true,"_links":{"self":[{"href":"https:\/\/ai.goek.consulting\/en\/wp-json\/wp\/v2\/pages\/17","targetHints":{"allow":["GET"]}}],"collection":[{"href":"https:\/\/ai.goek.consulting\/en\/wp-json\/wp\/v2\/pages"}],"about":[{"href":"https:\/\/ai.goek.consulting\/en\/wp-json\/wp\/v2\/types\/page"}],"author":[{"embeddable":true,"href":"https:\/\/ai.goek.consulting\/en\/wp-json\/wp\/v2\/users\/2"}],"replies":[{"embeddable":true,"href":"https:\/\/ai.goek.consulting\/en\/wp-json\/wp\/v2\/comments?post=17"}],"version-history":[{"count":6,"href":"https:\/\/ai.goek.consulting\/en\/wp-json\/wp\/v2\/pages\/17\/revisions"}],"predecessor-version":[{"id":2279,"href":"https:\/\/ai.goek.consulting\/en\/wp-json\/wp\/v2\/pages\/17\/revisions\/2279"}],"wp:attachment":[{"href":"https:\/\/ai.goek.consulting\/en\/wp-json\/wp\/v2\/media?parent=17"}],"curies":[{"name":"wp","href":"https:\/\/api.w.org\/{rel}","templated":true}]}}