{"id":6618,"date":"2025-10-17T15:59:02","date_gmt":"2025-10-17T14:59:02","guid":{"rendered":"https:\/\/ai.goek.consulting\/?post_type=product&#038;p=6618"},"modified":"2026-03-12T12:40:26","modified_gmt":"2026-03-12T11:40:26","slug":"ai-act-fundamentals","status":"publish","type":"product","link":"https:\/\/ai.goek.consulting\/en\/product\/ai-act-fundamentals\/","title":{"rendered":"AI Act Fundamentals"},"content":{"rendered":"","protected":false},"excerpt":{"rendered":"<h3><strong>AI Act Fundamentals<br \/>\nPflichtwissen f\u00fcr einen sicheren und regelkonformen KI-Einsatz im Gesundheitswesen<\/strong><\/h3>\n<p>Der EU AI Act f\u00fchrt verbindliche Anforderungen f\u00fcr den Einsatz von K\u00fcnstlicher Intelligenz ein \u2013 insbesondere in Krankenh\u00e4usern und medizinischen Einrichtungen. <\/p>\n<p>Die AI Act Fundamentals Schulung vermittelt strukturiert und praxisnah das notwendige Wissen, um KI-Systeme sicher, verantwortungsvoll und gesetzeskonform einzusetzen<\/p>\n<h3><strong>Inhalte &amp; Schwerpunkte<\/strong><\/h3>\n<p>Einordnung des EU AI Acts und seiner Relevanz f\u00fcr das Gesundheitswesen<br \/>\nIdentifikation von Hochrisiko-KI-Anwendungen im Klinik- und Versorgungsalltag<br \/>\nRechte, Pflichten und Verantwortlichkeiten aller Beteiligten<br \/>\nKonkrete Auswirkungen auf Arbeitsprozesse in Medizin, Pflege und Verwaltung<br \/>\nEinf\u00fchrung in grundlegende Kompetenz im Umgang mit KI-gest\u00fctzten Systemen<\/p>\n<h3><strong>Warum AI Act Fundamentals?<\/strong><\/h3>\n<p>\u2714 Klar strukturierter Wissenstransfer<br \/>\n\u2714 Speziell auf Krankenhausrealit\u00e4ten und Gesundheitsorganisationen zugeschnitten<br \/>\n\u2714 H\u00f6here Sicherheit im t\u00e4glichen Umgang mit KI-Anwendungen<br \/>\n\u2714 St\u00e4rkung der individuellen Handlungskompetenz und Entscheidungssouver\u00e4nit\u00e4t<br \/>\n\u2714 Nachweisbare Qualifizierung \u2013 relevant f\u00fcr Compliance, Audit und interne Dokumentation<\/p>\n<p>Der EU AI Act macht Qualifizierung zu einem verbindlichen Bestandteil der Compliance-Struktur im Gesundheitswesen. Die Schulung bietet Ihnen die M\u00f6glichkeit, aktiv zur sicheren Implementierung und Nutzung von KI in Ihrer Organisation beizutragen.<\/p>\n<p>Reservieren Sie gerne noch heute Ihren Zugang zur Schulung.<\/p>","protected":false},"author":752,"featured_media":6804,"comment_status":"open","ping_status":"closed","template":"","meta":[],"product_brand":[],"product_cat":[102],"product_tag":[],"class_list":{"0":"post-6618","1":"product","2":"type-product","3":"status-publish","4":"has-post-thumbnail","6":"product_cat-ai-act-schulung","8":"first","9":"instock","10":"virtual","11":"taxable","12":"purchasable","13":"product-type-simple"},"yoast_head":"<!-- This site is optimized with the Yoast SEO plugin v27.4 - https:\/\/yoast.com\/product\/yoast-seo-wordpress\/ -->\n<title>AI Act Fundamentals - G&Ouml;K-Consulting AI-Act-Schulung<\/title>\n<meta name=\"robots\" content=\"index, follow, max-snippet:-1, max-image-preview:large, max-video-preview:-1\" \/>\n<link rel=\"canonical\" href=\"https:\/\/ai.goek.consulting\/en\/product\/ai-act-fundamentals\/\" \/>\n<meta property=\"og:locale\" content=\"en_GB\" \/>\n<meta property=\"og:type\" content=\"article\" \/>\n<meta property=\"og:title\" content=\"AI Act Fundamentals - G&Ouml;K-Consulting AI-Act-Schulung\" \/>\n<meta property=\"og:description\" content=\"AI Act Fundamentals Pflichtwissen f\u00fcr einen sicheren und regelkonformen KI-Einsatz im Gesundheitswesen  Der EU AI Act f\u00fchrt verbindliche Anforderungen f\u00fcr den Einsatz von K\u00fcnstlicher Intelligenz ein \u2013 insbesondere in Krankenh\u00e4usern und medizinischen Einrichtungen.   Die AI Act Fundamentals Schulung vermittelt strukturiert und praxisnah das notwendige Wissen, um KI-Systeme sicher, verantwortungsvoll und gesetzeskonform einzusetzen Inhalte &amp; Schwerpunkte  Einordnung des EU AI Acts und seiner Relevanz f\u00fcr das Gesundheitswesen Identifikation von Hochrisiko-KI-Anwendungen im Klinik- und Versorgungsalltag Rechte, Pflichten und Verantwortlichkeiten aller Beteiligten Konkrete Auswirkungen auf Arbeitsprozesse in Medizin, Pflege und Verwaltung Einf\u00fchrung in grundlegende Kompetenz im Umgang mit KI-gest\u00fctzten Systemen  Warum AI Act Fundamentals? \u2714 Klar strukturierter Wissenstransfer  \u2714 Speziell auf Krankenhausrealit\u00e4ten und Gesundheitsorganisationen zugeschnitten \u2714 H\u00f6here Sicherheit im t\u00e4glichen Umgang mit KI-Anwendungen \u2714 St\u00e4rkung der individuellen Handlungskompetenz und Entscheidungssouver\u00e4nit\u00e4t \u2714 Nachweisbare Qualifizierung \u2013 relevant f\u00fcr Compliance, Audit und interne Dokumentation  Der EU AI Act macht Qualifizierung zu einem verbindlichen Bestandteil der Compliance-Struktur im Gesundheitswesen. Die Schulung bietet Ihnen die M\u00f6glichkeit, aktiv zur sicheren Implementierung und Nutzung von KI in Ihrer Organisation beizutragen.  Reservieren Sie gerne noch heute Ihren Zugang zur Schulung.\" \/>\n<meta property=\"og:url\" content=\"https:\/\/ai.goek.consulting\/en\/product\/ai-act-fundamentals\/\" \/>\n<meta property=\"og:site_name\" content=\"G&Ouml;K-Consulting AI-Act-Schulung\" \/>\n<meta property=\"article:modified_time\" content=\"2026-03-12T11:40:26+00:00\" \/>\n<meta property=\"og:image\" content=\"https:\/\/ai.goek.consulting\/wp-content\/uploads\/2025\/10\/Screenshot-2025-12-12-100236.png\" \/>\n\t<meta property=\"og:image:width\" content=\"775\" \/>\n\t<meta property=\"og:image:height\" content=\"791\" \/>\n\t<meta property=\"og:image:type\" content=\"image\/png\" \/>\n<meta name=\"twitter:card\" content=\"summary_large_image\" \/>\n<meta name=\"twitter:label1\" content=\"Estimated reading time\" \/>\n\t<meta name=\"twitter:data1\" content=\"1 minute\" \/>\n<script type=\"application\/ld+json\" class=\"yoast-schema-graph\">{\"@context\":\"https:\\\/\\\/schema.org\",\"@graph\":[{\"@type\":\"WebPage\",\"@id\":\"https:\\\/\\\/ai.goek.consulting\\\/product\\\/ai-act-fundamentals\\\/\",\"url\":\"https:\\\/\\\/ai.goek.consulting\\\/product\\\/ai-act-fundamentals\\\/\",\"name\":\"AI Act Fundamentals - G&Ouml;K-Consulting AI-Act-Schulung\",\"isPartOf\":{\"@id\":\"https:\\\/\\\/ai.goek.consulting\\\/#website\"},\"primaryImageOfPage\":{\"@id\":\"https:\\\/\\\/ai.goek.consulting\\\/product\\\/ai-act-fundamentals\\\/#primaryimage\"},\"image\":{\"@id\":\"https:\\\/\\\/ai.goek.consulting\\\/product\\\/ai-act-fundamentals\\\/#primaryimage\"},\"thumbnailUrl\":\"https:\\\/\\\/ai.goek.consulting\\\/wp-content\\\/uploads\\\/2025\\\/10\\\/Screenshot-2025-12-12-100236.png\",\"datePublished\":\"2025-10-17T14:59:02+00:00\",\"dateModified\":\"2026-03-12T11:40:26+00:00\",\"breadcrumb\":{\"@id\":\"https:\\\/\\\/ai.goek.consulting\\\/product\\\/ai-act-fundamentals\\\/#breadcrumb\"},\"inLanguage\":\"en-GB\",\"potentialAction\":[{\"@type\":\"ReadAction\",\"target\":[\"https:\\\/\\\/ai.goek.consulting\\\/product\\\/ai-act-fundamentals\\\/\"]}]},{\"@type\":\"ImageObject\",\"inLanguage\":\"en-GB\",\"@id\":\"https:\\\/\\\/ai.goek.consulting\\\/product\\\/ai-act-fundamentals\\\/#primaryimage\",\"url\":\"https:\\\/\\\/ai.goek.consulting\\\/wp-content\\\/uploads\\\/2025\\\/10\\\/Screenshot-2025-12-12-100236.png\",\"contentUrl\":\"https:\\\/\\\/ai.goek.consulting\\\/wp-content\\\/uploads\\\/2025\\\/10\\\/Screenshot-2025-12-12-100236.png\",\"width\":775,\"height\":791},{\"@type\":\"BreadcrumbList\",\"@id\":\"https:\\\/\\\/ai.goek.consulting\\\/product\\\/ai-act-fundamentals\\\/#breadcrumb\",\"itemListElement\":[{\"@type\":\"ListItem\",\"position\":1,\"name\":\"Startseite\",\"item\":\"https:\\\/\\\/ai.goek.consulting\\\/\"},{\"@type\":\"ListItem\",\"position\":2,\"name\":\"Vom Risiko zur Compliance: Sicherung Ihrer KI-Kompetenz nach Art. 4 EU AI Act\",\"item\":\"https:\\\/\\\/ai.goek.consulting\\\/\"},{\"@type\":\"ListItem\",\"position\":3,\"name\":\"AI Act Fundamentals\"}]},{\"@type\":\"WebSite\",\"@id\":\"https:\\\/\\\/ai.goek.consulting\\\/#website\",\"url\":\"https:\\\/\\\/ai.goek.consulting\\\/\",\"name\":\"XPOMET 2024 Tickets\",\"description\":\"\",\"publisher\":{\"@id\":\"https:\\\/\\\/ai.goek.consulting\\\/#organization\"},\"potentialAction\":[{\"@type\":\"SearchAction\",\"target\":{\"@type\":\"EntryPoint\",\"urlTemplate\":\"https:\\\/\\\/ai.goek.consulting\\\/?s={search_term_string}\"},\"query-input\":{\"@type\":\"PropertyValueSpecification\",\"valueRequired\":true,\"valueName\":\"search_term_string\"}}],\"inLanguage\":\"en-GB\"},{\"@type\":\"Organization\",\"@id\":\"https:\\\/\\\/ai.goek.consulting\\\/#organization\",\"name\":\"XPOMET 2024 Tickets\",\"url\":\"https:\\\/\\\/ai.goek.consulting\\\/\",\"logo\":{\"@type\":\"ImageObject\",\"inLanguage\":\"en-GB\",\"@id\":\"https:\\\/\\\/ai.goek.consulting\\\/#\\\/schema\\\/logo\\\/image\\\/\",\"url\":\"https:\\\/\\\/ai.goek.consulting\\\/wp-content\\\/uploads\\\/2024\\\/02\\\/logo_blue.png\",\"contentUrl\":\"https:\\\/\\\/ai.goek.consulting\\\/wp-content\\\/uploads\\\/2024\\\/02\\\/logo_blue.png\",\"width\":6300,\"height\":5392,\"caption\":\"XPOMET 2024 Tickets\"},\"image\":{\"@id\":\"https:\\\/\\\/ai.goek.consulting\\\/#\\\/schema\\\/logo\\\/image\\\/\"}}]}<\/script>\n<!-- \/ Yoast SEO plugin. -->","yoast_head_json":{"title":"AI Act Fundamentals - G&Ouml;K-Consulting AI-Act-Schulung","robots":{"index":"index","follow":"follow","max-snippet":"max-snippet:-1","max-image-preview":"max-image-preview:large","max-video-preview":"max-video-preview:-1"},"canonical":"https:\/\/ai.goek.consulting\/en\/product\/ai-act-fundamentals\/","og_locale":"en_GB","og_type":"article","og_title":"AI Act Fundamentals - G&Ouml;K-Consulting AI-Act-Schulung","og_description":"AI Act Fundamentals Pflichtwissen f\u00fcr einen sicheren und regelkonformen KI-Einsatz im Gesundheitswesen  Der EU AI Act f\u00fchrt verbindliche Anforderungen f\u00fcr den Einsatz von K\u00fcnstlicher Intelligenz ein \u2013 insbesondere in Krankenh\u00e4usern und medizinischen Einrichtungen.   Die AI Act Fundamentals Schulung vermittelt strukturiert und praxisnah das notwendige Wissen, um KI-Systeme sicher, verantwortungsvoll und gesetzeskonform einzusetzen Inhalte &amp; Schwerpunkte  Einordnung des EU AI Acts und seiner Relevanz f\u00fcr das Gesundheitswesen Identifikation von Hochrisiko-KI-Anwendungen im Klinik- und Versorgungsalltag Rechte, Pflichten und Verantwortlichkeiten aller Beteiligten Konkrete Auswirkungen auf Arbeitsprozesse in Medizin, Pflege und Verwaltung Einf\u00fchrung in grundlegende Kompetenz im Umgang mit KI-gest\u00fctzten Systemen  Warum AI Act Fundamentals? \u2714 Klar strukturierter Wissenstransfer  \u2714 Speziell auf Krankenhausrealit\u00e4ten und Gesundheitsorganisationen zugeschnitten \u2714 H\u00f6here Sicherheit im t\u00e4glichen Umgang mit KI-Anwendungen \u2714 St\u00e4rkung der individuellen Handlungskompetenz und Entscheidungssouver\u00e4nit\u00e4t \u2714 Nachweisbare Qualifizierung \u2013 relevant f\u00fcr Compliance, Audit und interne Dokumentation  Der EU AI Act macht Qualifizierung zu einem verbindlichen Bestandteil der Compliance-Struktur im Gesundheitswesen. Die Schulung bietet Ihnen die M\u00f6glichkeit, aktiv zur sicheren Implementierung und Nutzung von KI in Ihrer Organisation beizutragen.  Reservieren Sie gerne noch heute Ihren Zugang zur Schulung.","og_url":"https:\/\/ai.goek.consulting\/en\/product\/ai-act-fundamentals\/","og_site_name":"G&Ouml;K-Consulting AI-Act-Schulung","article_modified_time":"2026-03-12T11:40:26+00:00","og_image":[{"width":775,"height":791,"url":"https:\/\/ai.goek.consulting\/wp-content\/uploads\/2025\/10\/Screenshot-2025-12-12-100236.png","type":"image\/png"}],"twitter_card":"summary_large_image","twitter_misc":{"Estimated reading time":"1 minute"},"schema":{"@context":"https:\/\/schema.org","@graph":[{"@type":"WebPage","@id":"https:\/\/ai.goek.consulting\/product\/ai-act-fundamentals\/","url":"https:\/\/ai.goek.consulting\/product\/ai-act-fundamentals\/","name":"AI Act Fundamentals - G&Ouml;K-Consulting AI-Act-Schulung","isPartOf":{"@id":"https:\/\/ai.goek.consulting\/#website"},"primaryImageOfPage":{"@id":"https:\/\/ai.goek.consulting\/product\/ai-act-fundamentals\/#primaryimage"},"image":{"@id":"https:\/\/ai.goek.consulting\/product\/ai-act-fundamentals\/#primaryimage"},"thumbnailUrl":"https:\/\/ai.goek.consulting\/wp-content\/uploads\/2025\/10\/Screenshot-2025-12-12-100236.png","datePublished":"2025-10-17T14:59:02+00:00","dateModified":"2026-03-12T11:40:26+00:00","breadcrumb":{"@id":"https:\/\/ai.goek.consulting\/product\/ai-act-fundamentals\/#breadcrumb"},"inLanguage":"en-GB","potentialAction":[{"@type":"ReadAction","target":["https:\/\/ai.goek.consulting\/product\/ai-act-fundamentals\/"]}]},{"@type":"ImageObject","inLanguage":"en-GB","@id":"https:\/\/ai.goek.consulting\/product\/ai-act-fundamentals\/#primaryimage","url":"https:\/\/ai.goek.consulting\/wp-content\/uploads\/2025\/10\/Screenshot-2025-12-12-100236.png","contentUrl":"https:\/\/ai.goek.consulting\/wp-content\/uploads\/2025\/10\/Screenshot-2025-12-12-100236.png","width":775,"height":791},{"@type":"BreadcrumbList","@id":"https:\/\/ai.goek.consulting\/product\/ai-act-fundamentals\/#breadcrumb","itemListElement":[{"@type":"ListItem","position":1,"name":"Startseite","item":"https:\/\/ai.goek.consulting\/"},{"@type":"ListItem","position":2,"name":"Vom Risiko zur Compliance: Sicherung Ihrer KI-Kompetenz nach Art. 4 EU AI Act","item":"https:\/\/ai.goek.consulting\/"},{"@type":"ListItem","position":3,"name":"AI Act Fundamentals"}]},{"@type":"WebSite","@id":"https:\/\/ai.goek.consulting\/#website","url":"https:\/\/ai.goek.consulting\/","name":"XPOMET 2024 Tickets","description":"","publisher":{"@id":"https:\/\/ai.goek.consulting\/#organization"},"potentialAction":[{"@type":"SearchAction","target":{"@type":"EntryPoint","urlTemplate":"https:\/\/ai.goek.consulting\/?s={search_term_string}"},"query-input":{"@type":"PropertyValueSpecification","valueRequired":true,"valueName":"search_term_string"}}],"inLanguage":"en-GB"},{"@type":"Organization","@id":"https:\/\/ai.goek.consulting\/#organization","name":"XPOMET 2024 Tickets","url":"https:\/\/ai.goek.consulting\/","logo":{"@type":"ImageObject","inLanguage":"en-GB","@id":"https:\/\/ai.goek.consulting\/#\/schema\/logo\/image\/","url":"https:\/\/ai.goek.consulting\/wp-content\/uploads\/2024\/02\/logo_blue.png","contentUrl":"https:\/\/ai.goek.consulting\/wp-content\/uploads\/2024\/02\/logo_blue.png","width":6300,"height":5392,"caption":"XPOMET 2024 Tickets"},"image":{"@id":"https:\/\/ai.goek.consulting\/#\/schema\/logo\/image\/"}}]}},"jetpack_sharing_enabled":true,"_links":{"self":[{"href":"https:\/\/ai.goek.consulting\/en\/wp-json\/wp\/v2\/product\/6618","targetHints":{"allow":["GET"]}}],"collection":[{"href":"https:\/\/ai.goek.consulting\/en\/wp-json\/wp\/v2\/product"}],"about":[{"href":"https:\/\/ai.goek.consulting\/en\/wp-json\/wp\/v2\/types\/product"}],"author":[{"embeddable":true,"href":"https:\/\/ai.goek.consulting\/en\/wp-json\/wp\/v2\/users\/752"}],"replies":[{"embeddable":true,"href":"https:\/\/ai.goek.consulting\/en\/wp-json\/wp\/v2\/comments?post=6618"}],"wp:featuredmedia":[{"embeddable":true,"href":"https:\/\/ai.goek.consulting\/en\/wp-json\/wp\/v2\/media\/6804"}],"wp:attachment":[{"href":"https:\/\/ai.goek.consulting\/en\/wp-json\/wp\/v2\/media?parent=6618"}],"wp:term":[{"taxonomy":"product_brand","embeddable":true,"href":"https:\/\/ai.goek.consulting\/en\/wp-json\/wp\/v2\/product_brand?post=6618"},{"taxonomy":"product_cat","embeddable":true,"href":"https:\/\/ai.goek.consulting\/en\/wp-json\/wp\/v2\/product_cat?post=6618"},{"taxonomy":"product_tag","embeddable":true,"href":"https:\/\/ai.goek.consulting\/en\/wp-json\/wp\/v2\/product_tag?post=6618"}],"curies":[{"name":"wp","href":"https:\/\/api.w.org\/{rel}","templated":true}]}}